{"id":3,"date":"2025-09-08T16:22:57","date_gmt":"2025-09-08T16:22:57","guid":{"rendered":"http:\/\/www.blueconnect-agency.com\/?page_id=3"},"modified":"2025-09-12T16:10:21","modified_gmt":"2025-09-12T16:10:21","slug":"mentions-legales","status":"publish","type":"page","link":"https:\/\/www.blueconnect-agency.com\/index.php\/mentions-legales\/","title":{"rendered":"Mentions L\u00e9gales"},"content":{"rendered":"\n<p class=\"has-large-font-size\"><strong>Mentions l\u00e9gales : <\/strong><\/p>\n\n\n\n<p><strong>Ce site est \u00e9dit\u00e9 par Tristan LEMAITRE EI<\/strong><\/p>\n\n\n\n<p>23 Rue de la source, 25600 Dambenois&nbsp;<\/p>\n\n\n\n<p>SIRET : 979 374 345 00036<\/p>\n\n\n\n<p>07.83.85.82.71&nbsp;<\/p>\n\n\n\n<p>contact@blueconnect-agency.com<\/p>\n\n\n\n<p>Directeur de la publication : TRISTAN LEMAITRE<\/p>\n\n\n\n<p><strong>H\u00e9bergeur du Site<\/strong><\/p>\n\n\n\n<p>OVH SAS&nbsp;<\/p>\n\n\n\n<p>2 rue Kellermann \u2013 BP 80157 59053 ROUBAIX CEDEX 1<\/p>\n\n\n\n<p><strong>Propri\u00e9t\u00e9 Intellectuelle<\/strong><\/p>\n\n\n\n<p>Les \u00e9l\u00e9ments (textes, logos, etc.) pr\u00e9sents sur ce site sont prot\u00e9g\u00e9s par le droit d\u2019auteur et sont la propri\u00e9t\u00e9 exclusive de TRISTAN LEMAITRE sauf indication contraire. Toute reproduction, distribution, ou utilisation non autoris\u00e9e de tout contenu de ce site est strictement interdite.<\/p>\n\n\n\n<p>Certaines images utilis\u00e9es sur ce site peuvent faire l\u2019objet de licences libres de droit mises \u00e0 disposition par Pexels GmbH, Unsplash Inc, Eezy LLC.<\/p>\n\n\n\n<p><strong>Protection des Donn\u00e9es Personnelles<\/strong><\/p>\n\n\n\n<p>Conform\u00e9ment au R\u00e8glement G\u00e9n\u00e9ral sur la Protection des Donn\u00e9es (RGPD) de l\u2019Union europ\u00e9enne, la pr\u00e9sente section d\u00e9crit la mani\u00e8re dont TRISTAN LEMAITRE collecte, stocke, traite et utilise les donn\u00e9es personnelles des visiteurs de ce site web.<\/p>\n\n\n\n<p><strong>4.1. Responsable du Traitement<\/strong><\/p>\n\n\n\n<p>Le responsable du traitement des donn\u00e9es personnelles collect\u00e9es via ce site est TRISTAN LEMAITRE.<\/p>\n\n\n\n<p><strong>4.2. Donn\u00e9es Collect\u00e9es<\/strong><\/p>\n\n\n\n<p>Nous pouvons collecter diverses cat\u00e9gories de donn\u00e9es personnelles, y compris, mais sans s\u2019y limiter, les informations suivantes :<\/p>\n\n\n\n<p>Nom et pr\u00e9nom.<\/p>\n\n\n\n<p>Adresse e-mail.<\/p>\n\n\n\n<p>Num\u00e9ro de t\u00e9l\u00e9phone.<\/p>\n\n\n\n<p><strong>4.3. Finalit\u00e9s du Traitement<\/strong><\/p>\n\n\n\n<p>Les donn\u00e9es personnelles collect\u00e9es sont utilis\u00e9es dans le but de :<\/p>\n\n\n\n<p>R\u00e9pondre \u00e0 vos demandes de renseignements ou de contact.<\/p>\n\n\n\n<p>Vous fournir des informations sur nos services.<\/p>\n\n\n\n<p>Respecter nos obligations l\u00e9gales et r\u00e9glementaires.<\/p>\n\n\n\n<p><strong>4.4 Base Juridique du Traitement<\/strong><\/p>\n\n\n\n<p>Le traitement de vos donn\u00e9es personnelles est effectu\u00e9 sur les bases l\u00e9gales suivantes :<\/p>\n\n\n\n<p>Votre consentement explicite lorsque cela est requis.<\/p>\n\n\n\n<p>L\u2019ex\u00e9cution d\u2019un contrat auquel vous \u00eates partie (par exemple, pour la gestion des paiements).<\/p>\n\n\n\n<p>Le respect de nos obligations l\u00e9gales.<\/p>\n\n\n\n<p><strong>4.5. Dur\u00e9e de Conservation<\/strong><\/p>\n\n\n\n<p>Nous conservons vos donn\u00e9es personnelles aussi longtemps que n\u00e9cessaire pour atteindre les finalit\u00e9s pour lesquelles elles ont \u00e9t\u00e9 collect\u00e9es, sauf si une p\u00e9riode de conservation plus longue est requise ou autoris\u00e9e par la loi.<\/p>\n\n\n\n<p><strong>4.6. Vos Droits<\/strong><\/p>\n\n\n\n<p>Vous avez certains droits en vertu du RGPD, notamment :<\/p>\n\n\n\n<p>Le droit d\u2019acc\u00e9der \u00e0 vos donn\u00e9es personnelles.<\/p>\n\n\n\n<p>Le droit de rectification.<\/p>\n\n\n\n<p>Le droit \u00e0 l\u2019effacement.<\/p>\n\n\n\n<p>Le droit \u00e0 la limitation du traitement.<\/p>\n\n\n\n<p>Le droit \u00e0 la portabilit\u00e9 des donn\u00e9es.<\/p>\n\n\n\n<p>Le droit d\u2019opposition au traitement.<\/p>\n\n\n\n<p>Pour exercer ces droits ou poser des questions sur notre politique de protection des donn\u00e9es personnelles, veuillez nous contacter \u00e0 contact@blueconnect-agency.com<\/p>\n\n\n\n<p><strong>Cookies<\/strong><\/p>\n\n\n\n<p>Ce site web utilise des cookies. Les cookies sont de petits fichiers texte stock\u00e9s sur votre appareil lorsque vous visitez un site web. Ils sont largement utilis\u00e9s pour am\u00e9liorer le fonctionnement du site, analyser la mani\u00e8re dont les utilisateurs interagissent avec le site, et fournir une exp\u00e9rience de navigation plus personnalis\u00e9e.<\/p>\n\n\n\n<p><strong>5.1. Types de Cookies Utilis\u00e9s<\/strong><\/p>\n\n\n\n<p>Cookies Essentiels : Ces cookies sont n\u00e9cessaires au fonctionnement de base du site web et sont donc toujours activ\u00e9s. Ils comprennent des cookies qui vous permettent de vous connecter aux zones s\u00e9curis\u00e9es du site web.<\/p>\n\n\n\n<p>Cookies de Performance : Ces cookies nous aident \u00e0 comprendre comment les visiteurs interagissent avec notre site web en collectant et en rapportant des informations anonymes. Ils nous permettent d\u2019am\u00e9liorer continuellement notre site.<\/p>\n\n\n\n<p>Cookies de Fonctionnalit\u00e9 : Ces cookies permettent au site web de se souvenir de vos choix (comme votre nom d\u2019utilisateur, votre langue ou la r\u00e9gion dans laquelle vous vous trouvez) et de fournir des fonctionnalit\u00e9s am\u00e9lior\u00e9es et plus personnelles.<\/p>\n\n\n\n<p><strong>5.2. Cookies Tiers<\/strong><\/p>\n\n\n\n<p>Veuillez noter que des tiers peuvent \u00e9galement utiliser des cookies, sur lesquels nous n\u2019avons aucun contr\u00f4le. Ces cookies sont susceptibles d\u2019\u00eatre des cookies de performance, de ciblage ou de publicit\u00e9. Nous vous recommandons de consulter les politiques de confidentialit\u00e9 de ces tiers pour obtenir plus d\u2019informations sur leurs pratiques en mati\u00e8re de cookies.<\/p>\n\n\n\n<p><strong>Liens Hypertextes<\/strong><\/p>\n\n\n\n<p>Ce site web peut contenir des liens hypertextes vers d\u2019autres sites web qui ne sont pas g\u00e9r\u00e9s ou contr\u00f4l\u00e9s par TRISTAN LEMAITRE. Nous ne sommes pas responsables du contenu ou des pratiques de confidentialit\u00e9 de ces sites tiers. L\u2019inclusion de liens hypertextes vers ces sites ne constitue pas une approbation de leur contenu.<\/p>\n\n\n\n<p><strong>Responsabilit\u00e9<\/strong><\/p>\n\n\n\n<p>TRISTAN LEMAITRE&nbsp;s\u2019efforce de fournir des informations pr\u00e9cises et \u00e0 jour sur ce site web, mais ne peut garantir ni l\u2019exactitude ni l\u2019exhaustivit\u00e9 de ces informations. Les informations fournies sur ce site sont fournies \u00e0 titre informatif uniquement et ne doivent pas \u00eatre consid\u00e9r\u00e9es comme des conseils professionnels ou juridiques.<\/p>\n\n\n\n<p>TRISTAN LEMAITRE&nbsp;ne sera en aucun cas responsable des dommages directs, indirects, sp\u00e9ciaux, cons\u00e9cutifs ou autres dommages r\u00e9sultant de l\u2019utilisation ou de l\u2019incapacit\u00e9 \u00e0 utiliser ce site web ou de son contenu, y compris, mais sans s\u2019y limiter, les pertes de donn\u00e9es, les pertes de b\u00e9n\u00e9fices ou les interruptions d\u2019activit\u00e9, m\u00eame si nous avons \u00e9t\u00e9 inform\u00e9s de la possibilit\u00e9 de tels dommages.<\/p>\n\n\n\n<p>Nous nous r\u00e9servons le droit de modifier ou de supprimer le contenu de ce site web \u00e0 tout moment, sans pr\u00e9avis. TRISTAN LEMAITRE&nbsp;ne garantit pas que ce site web sera exempt d\u2019erreurs ou d\u2019omissions, ni que son contenu sera mis \u00e0 jour r\u00e9guli\u00e8rement.<\/p>\n\n\n\n<p><strong>7.1 Utilisation du Site<\/strong><\/p>\n\n\n\n<p>En utilisant ce site web, vous acceptez de le faire \u00e0 vos propres risques. Vous \u00eates responsable de prendre toutes les pr\u00e9cautions n\u00e9cessaires pour vous assurer que le contenu que vous t\u00e9l\u00e9chargez ou que vous obtenez autrement \u00e0 partir de ce site web est exempt de virus ou d\u2019autres \u00e9l\u00e9ments nuisibles.<\/p>\n\n\n\n<p><strong>8. Droit Applicable et Juridiction<\/strong><\/p>\n\n\n\n<p>Ces mentions l\u00e9gales sont r\u00e9gies par le droit en vigueur sur le territoire fran\u00e7ais et tout litige relatif \u00e0 leur interpr\u00e9tation ou \u00e0 leur ex\u00e9cution sera soumis \u00e0 la comp\u00e9tence exclusive du tribunal de BELFORT (90000).&nbsp;<\/p>\n\n\n\n<p>Date de derni\u00e8re mise \u00e0 jour : 12 F\u00e9vrier 2025<\/p>\n","protected":false},"excerpt":{"rendered":"<p>Mentions l\u00e9gales : Ce site est \u00e9dit\u00e9 par Tristan LEMAITRE EI 23 Rue de la source, 25600 Dambenois&nbsp; SIRET : 979 374 345 00036 07.83.85.82.71&nbsp; contact@blueconnect-agency.com Directeur de la publication : TRISTAN LEMAITRE H\u00e9bergeur du Site OVH SAS&nbsp; 2 rue Kellermann \u2013 BP 80157 59053 ROUBAIX CEDEX 1 Propri\u00e9t\u00e9 Intellectuelle Les \u00e9l\u00e9ments (textes, logos, etc.) [&hellip;]<\/p>\n","protected":false},"author":1,"featured_media":0,"parent":0,"menu_order":0,"comment_status":"closed","ping_status":"closed","template":"","meta":{"footnotes":""},"class_list":["post-3","page","type-page","status-publish","hentry"],"_links":{"self":[{"href":"https:\/\/www.blueconnect-agency.com\/index.php\/wp-json\/wp\/v2\/pages\/3","targetHints":{"allow":["GET"]}}],"collection":[{"href":"https:\/\/www.blueconnect-agency.com\/index.php\/wp-json\/wp\/v2\/pages"}],"about":[{"href":"https:\/\/www.blueconnect-agency.com\/index.php\/wp-json\/wp\/v2\/types\/page"}],"author":[{"embeddable":true,"href":"https:\/\/www.blueconnect-agency.com\/index.php\/wp-json\/wp\/v2\/users\/1"}],"replies":[{"embeddable":true,"href":"https:\/\/www.blueconnect-agency.com\/index.php\/wp-json\/wp\/v2\/comments?post=3"}],"version-history":[{"count":2,"href":"https:\/\/www.blueconnect-agency.com\/index.php\/wp-json\/wp\/v2\/pages\/3\/revisions"}],"predecessor-version":[{"id":125,"href":"https:\/\/www.blueconnect-agency.com\/index.php\/wp-json\/wp\/v2\/pages\/3\/revisions\/125"}],"wp:attachment":[{"href":"https:\/\/www.blueconnect-agency.com\/index.php\/wp-json\/wp\/v2\/media?parent=3"}],"curies":[{"name":"wp","href":"https:\/\/api.w.org\/{rel}","templated":true}]}}